{"id":2,"date":"2010-03-17T14:01:38","date_gmt":"2010-03-17T12:01:38","guid":{"rendered":""},"modified":"2010-03-17T14:05:33","modified_gmt":"2010-03-17T12:05:33","slug":"about","status":"publish","type":"page","link":"https:\/\/mummila.net\/kommentit\/about\/","title":{"rendered":"Tietoja"},"content":{"rendered":"<p>T\u00e4h\u00e4n blogiin ker\u00e4\u00e4n mummilan ulkopuolisille sivustoille j\u00e4tt\u00e4m\u00e4ni kommentit pit\u00e4\u00e4kseni ne tallessa, ja jotta niiden seuraaminen olisi helpompaa.<\/p>\n","protected":false},"excerpt":{"rendered":"<p>T\u00e4h\u00e4n blogiin ker\u00e4\u00e4n mummilan ulkopuolisille sivustoille j\u00e4tt\u00e4m\u00e4ni kommentit pit\u00e4\u00e4kseni ne tallessa, ja jotta niiden seuraaminen olisi helpompaa.<\/p>\n","protected":false},"author":2,"featured_media":0,"parent":0,"menu_order":0,"comment_status":"open","ping_status":"open","template":"","meta":{"footnotes":""},"class_list":["post-2","page","type-page","status-publish","hentry"],"_links":{"self":[{"href":"https:\/\/mummila.net\/kommentit\/wp-json\/wp\/v2\/pages\/2","targetHints":{"allow":["GET"]}}],"collection":[{"href":"https:\/\/mummila.net\/kommentit\/wp-json\/wp\/v2\/pages"}],"about":[{"href":"https:\/\/mummila.net\/kommentit\/wp-json\/wp\/v2\/types\/page"}],"author":[{"embeddable":true,"href":"https:\/\/mummila.net\/kommentit\/wp-json\/wp\/v2\/users\/2"}],"replies":[{"embeddable":true,"href":"https:\/\/mummila.net\/kommentit\/wp-json\/wp\/v2\/comments?post=2"}],"version-history":[{"count":2,"href":"https:\/\/mummila.net\/kommentit\/wp-json\/wp\/v2\/pages\/2\/revisions"}],"predecessor-version":[{"id":3,"href":"https:\/\/mummila.net\/kommentit\/wp-json\/wp\/v2\/pages\/2\/revisions\/3"}],"wp:attachment":[{"href":"https:\/\/mummila.net\/kommentit\/wp-json\/wp\/v2\/media?parent=2"}],"curies":[{"name":"wp","href":"https:\/\/api.w.org\/{rel}","templated":true}]}}