
{"id":2,"date":"2010-07-08T13:22:56","date_gmt":"2010-07-08T13:22:56","guid":{"rendered":"http:\/\/mummila.net\/kutamiiluu\/?page_id=2"},"modified":"2015-06-18T16:27:52","modified_gmt":"2015-06-18T13:27:52","slug":"blogista","status":"publish","type":"page","link":"https:\/\/mummila.net\/kutamiiluu\/blogista\/","title":{"rendered":"Tietoa t\u00e4st\u00e4 blogista"},"content":{"rendered":"<p><strong>Jani<\/strong> T\u00e4m\u00e4 on &lt;a title=&quot;Wikipedia: WordPress&quot; href=&quot;https:\/\/secure.wikimedia.org\/wikipedia\/fi\/wiki\/WordPress&quot;&gt;WordPressin&lt;\/a&gt; voimalla py\u00f6riv\u00e4 &lt;a href=&quot;https:\/\/secure.wikimedia.org\/wikipedia\/fi\/wiki\/Mikroblogi&quot; title=&quot;Wikipedia: Mikroblogi&quot;&gt;mikroblogi&lt;\/a&gt;. Minulla oli ennest\u00e4\u00e4n useita mikroblogitilej\u00e4 eri palveluissa, mutta niiden p\u00e4ivitt\u00e4misen kynnys kasvaa seuraajakunnan kasvun my\u00f6t\u00e4, ja minua kuitenkin kiehtoi ajatus kaikkein mit\u00e4tt\u00f6mimpienkin asioiden yl\u00f6skirjaamisesta itse\u00e4ni varten mikroblogiformaatissa. Siksi perustin t\u00e4m\u00e4n blogin, jossa kerron mit\u00e4 minulle milloinkin kuuluu.<\/p>\n<p>&lt;a title=&quot;Mit\u00e4 kuuluu -blogin teema zip-paketissa&quot; href=&quot;http:\/\/mummila.net\/kutamiiluu\/files\/2010\/07\/kutamiiluu-kokoruutu.zip&quot;&gt;Blogin ulkoasu&lt;\/a&gt; on sovellettu &lt;a title=&quot;WordPress: Free Themes Directory: Minimalist&quot; href=&quot;http:\/\/wordpress.org\/extend\/themes\/minimalist&quot;&gt;&lt;strong&gt;Joey Robinsonin&lt;\/strong&gt; &lt;em&gt;Minimalistista&lt;\/em&gt;&lt;\/a&gt; ja &lt;a title=&quot;WordPress: Free Themes Directory: Blue&quot; href=&quot;http:\/\/wordpress.org\/extend\/themes\/blue&quot;&gt;&lt;strong&gt;Sean McPhersonin&lt;\/strong&gt; &lt;em&gt;Bluesta&lt;\/em&gt;&lt;\/a&gt;.<\/p>\n","protected":false},"excerpt":{"rendered":"<p>Jani T\u00e4m\u00e4 on &lt;a title=&quot;Wikipedia: WordPress&quot; href=&quot;https:\/\/secure.wikimedia.org\/wikipedia\/fi\/wiki\/WordPress&quot;&gt;WordPressin&lt;\/a&gt; voimalla py\u00f6riv\u00e4 &lt;a href=&quot;https:\/\/secure.wikimedia.org\/wikipedia\/fi\/wiki\/Mikroblogi&quot; title=&quot;Wikipedia: Mikroblogi&quot;&gt;mikroblogi&lt;\/a&gt;. Minulla oli ennest\u00e4\u00e4n useita mikroblogitilej\u00e4 eri palveluissa, mutta niiden p\u00e4ivitt\u00e4misen kynnys kasvaa seuraajakunnan kasvun my\u00f6t\u00e4, ja minua kuitenkin kiehtoi ajatus kaikkein mit\u00e4tt\u00f6mimpienkin asioiden yl\u00f6skirjaamisesta itse\u00e4ni varten mikroblogiformaatissa. Siksi perustin t\u00e4m\u00e4n blogin, jossa kerron mit\u00e4 minulle milloinkin kuuluu. &lt;a title=&quot;Mit\u00e4 kuuluu -blogin teema [&hellip;]<\/p>\n","protected":false},"author":2,"featured_media":0,"parent":0,"menu_order":0,"comment_status":"open","ping_status":"open","template":"","meta":{"footnotes":""},"class_list":["post-2","page","type-page","status-publish","hentry"],"_links":{"self":[{"href":"https:\/\/mummila.net\/kutamiiluu\/wp-json\/wp\/v2\/pages\/2","targetHints":{"allow":["GET"]}}],"collection":[{"href":"https:\/\/mummila.net\/kutamiiluu\/wp-json\/wp\/v2\/pages"}],"about":[{"href":"https:\/\/mummila.net\/kutamiiluu\/wp-json\/wp\/v2\/types\/page"}],"author":[{"embeddable":true,"href":"https:\/\/mummila.net\/kutamiiluu\/wp-json\/wp\/v2\/users\/2"}],"replies":[{"embeddable":true,"href":"https:\/\/mummila.net\/kutamiiluu\/wp-json\/wp\/v2\/comments?post=2"}],"version-history":[{"count":14,"href":"https:\/\/mummila.net\/kutamiiluu\/wp-json\/wp\/v2\/pages\/2\/revisions"}],"predecessor-version":[{"id":4370,"href":"https:\/\/mummila.net\/kutamiiluu\/wp-json\/wp\/v2\/pages\/2\/revisions\/4370"}],"wp:attachment":[{"href":"https:\/\/mummila.net\/kutamiiluu\/wp-json\/wp\/v2\/media?parent=2"}],"curies":[{"name":"wp","href":"https:\/\/api.w.org\/{rel}","templated":true}]}}