{"id":11372,"date":"2010-01-23T16:23:17","date_gmt":"2010-01-23T16:23:17","guid":{"rendered":"http:\/\/mummila.net\/marginaali\/?page_id=11372"},"modified":"2012-02-13T16:57:35","modified_gmt":"2012-02-13T14:57:35","slug":"tietoa-blogista","status":"publish","type":"page","link":"https:\/\/mummila.net\/marginaali\/tietoa-blogista\/","title":{"rendered":"Marginaalista ja sen kirjoittajasta"},"content":{"rendered":"<p id=\"post11372-seg4rtrsgchpmmxydkod6nsh0\"><strong><em>Mar\u00adgi\u00adnaa\u00adli<\/em><\/strong> on hen\u00adki\u00adl\u00f6\u00adkoh\u00adtai\u00adsel\u00adla otteel\u00adla tuot\u00adta\u00adma\u00adni <a title=\"Wikipedia: Blogi\" href=\"http:\/\/mummila.net\/wiki\/Blogi\">verk\u00adko\u00adp\u00e4i\u00adv\u00e4\u00adkir\u00adja eli blo\u00adgi<\/a>, johon kir\u00adjoi\u00adtan mel\u00adko vapaa\u00adva\u00adlin\u00adtai\u00adsis\u00adta aiheis\u00adta mel\u00adko vapaa\u00admie\u00adli\u00adsi\u00e4 mer\u00adkin\u00adt\u00f6\u00adj\u00e4 aina sit\u00e4 mukaa, kun nii\u00adt\u00e4 p\u00e4\u00e4\u00adh\u00e4\u00adni sat\u00adtuu p\u00e4t\u00adk\u00e4h\u00adt\u00e4\u00adm\u00e4\u00e4n. P\u00e4i\u00adv\u00e4\u00adkir\u00adjan ohel\u00adla <em>mar\u00adgi\u00adnaa\u00adlia<\/em> voi\u00adsi l\u00e4hin\u00adn\u00e4 ver\u00adra\u00adta lei\u00adke\u00adkir\u00adjoi\u00adhin, sil\u00adl\u00e4 ker\u00e4i\u00adlen t\u00e4n\u00adne my\u00f6s aika pal\u00adjon kai\u00adken\u00adlais\u00adta, eri puo\u00adlil\u00adta Inter\u00adne\u00adti\u00e4 ja muu\u00adal\u00adta\u00adkin l\u00f6y\u00adt\u00e4\u00adm\u00e4\u00e4\u00adni aineis\u00adtoa, joka minua kul\u00adloin\u00adkin sat\u00adtuu kiin\u00adnos\u00adta\u00admaan.&nbsp;<a rel=\"bookmark\" class=\"paragraph-permalink\" href=\"https:\/\/mummila.net\/marginaali\/tietoa-blogista\/#post11372-seg4rtrsgchpmmxydkod6nsh0\">#<\/a><\/p>\n<h3 id=\"kirjoittajasta\"><a title=\"Ikilinkki: Kuka t\u00e4t\u00e4 kirjoittaa?\" href=\"http:\/\/mummila.net\/marginaali\/tietoa-blogista\/#kirjoittajasta\">Kuka t\u00e4t\u00e4 kirjoittaa?<\/a><\/h3>\n<p id=\"post11372-ddylcpaby7iryxv2uqmrk93rf\"><a href=\"http:\/\/mummila.net\/wiki\/Tiedosto:Jani_Uusitalo_120x180.jpg\"><img loading=\"lazy\" decoding=\"async\" class=\"alignright size-full wp-image-8154\" src=\"http:\/\/mummila.net\/marginaali\/files\/2006\/07\/jani-internet-tauti-kuvakulmasta.jpg\" alt=\"Jani Internet-tauti -kuvakulmasta\" width=\"120\" height=\"180\"><\/a> Nime\u00adni on <strong>Jani Uusi\u00adta\u00adlo<\/strong>, ja p\u00e4\u00e4\u00adni sis\u00e4l\u00adle p\u00e4\u00e4\u00adsee luul\u00adta\u00advas\u00adti kaik\u00adkein hel\u00adpoim\u00admin juu\u00adri luke\u00admal\u00adla <em>mar\u00adgi\u00adnaa\u00adlia<\/em>, jos\u00adsa tili\u00adt\u00e4n teke\u00admi\u00adsi\u00e4\u00adni koh\u00adtuul\u00adli\u00adsen avo\u00admie\u00adli\u00adses\u00adti. Minul\u00adla ei ole var\u00adsi\u00adnai\u00adsia meriit\u00adte\u00adj\u00e4 lue\u00adtel\u00adta\u00advik\u00adsi, sil\u00adl\u00e4 olen viet\u00adt\u00e4\u00adnyt el\u00e4\u00adm\u00e4\u00adni vii\u00admei\u00adset vuo\u00addet sai\u00adras\u00adtaen ty\u00f6\u00adky\u00advyt\u00adt\u00f6\u00adm\u00e4k\u00adsi teke\u00adv\u00e4\u00e4 <a title=\"Wikipedia: Masennus\" href=\"https:\/\/secure.wikimedia.org\/wikipedia\/fi\/wiki\/Masennus\">masen\u00adnus\u00adta<\/a>. Masen\u00adnus ei kui\u00adten\u00adkaan est\u00e4 ihmis\u00adt\u00e4 k\u00e4yt\u00adt\u00e4\u00adm\u00e4s\u00adt\u00e4 p\u00e4\u00e4\u00adt\u00e4\u00e4n, eik\u00e4 se my\u00f6s\u00adk\u00e4\u00e4n tuhoa huu\u00admo\u00adrin\u00adta\u00adjua, ja toi\u00advoak\u00adse\u00adni n\u00e4m\u00e4 molem\u00admat sei\u00adkat ilme\u00adne\u00adv\u00e4t my\u00f6s\u00adkin teks\u00adteis\u00adt\u00e4\u00adni.&nbsp;<a rel=\"bookmark\" class=\"paragraph-permalink\" href=\"https:\/\/mummila.net\/marginaali\/tietoa-blogista\/#post11372-ddylcpaby7iryxv2uqmrk93rf\">#<\/a><\/p>\n<p id=\"post11372-p97mxyyaukiwo1xq50yuwecpp\">Mik\u00e4\u00adli vuo\u00adro\u00advai\u00adkut\u00adtei\u00adsuus kiin\u00adnos\u00adtaa, kun\u00adkin <a href=\"http:\/\/mummila.net\/wiki\/Blogimerkint%C3%A4\">mer\u00adkin\u00adn\u00e4n<\/a> yhtey\u00addes\u00ads\u00e4 on kom\u00admen\u00adtoin\u00adti\u00admah\u00addol\u00adli\u00adsuus. Kom\u00admen\u00adtit jul\u00adkais\u00adtaan v\u00e4lit\u00adt\u00f6\u00adm\u00e4s\u00adti tai l\u00e4hes v\u00e4lit\u00adt\u00f6\u00adm\u00e4s\u00adti sel\u00adlai\u00adsi\u00adnaan mer\u00adkin\u00adn\u00e4n per\u00e4s\u00ads\u00e4, ja ne ovat kenen tahan\u00adsa luet\u00adta\u00advis\u00adsa kuten itse mer\u00adkin\u00adn\u00e4t\u00adkin. Mik\u00e4\u00adli sinul\u00adla on kom\u00admen\u00adtoi\u00adta\u00advaa, joka ei oikein tun\u00adnu sopi\u00advan min\u00adk\u00e4\u00e4n mer\u00adkin\u00adn\u00e4n yhtey\u00adteen, tai mik\u00e4\u00adli arkai\u00adlet tuo\u00adda n\u00e4ke\u00admyk\u00adsi\u00e4\u00adsi esiin jul\u00adki\u00adses\u00adti, voit my\u00f6s l\u00e4het\u00adt\u00e4\u00e4 s\u00e4h\u00adk\u00f6\u00adpos\u00adtia osoit\u00adtee\u00adseen <a href=\"mailto:jani@mummila.net\">jani@mummila.net<\/a>.&nbsp;<a rel=\"bookmark\" class=\"paragraph-permalink\" href=\"https:\/\/mummila.net\/marginaali\/tietoa-blogista\/#post11372-p97mxyyaukiwo1xq50yuwecpp\">#<\/a><\/p>\n<h3 id=\"copyright\"><a title=\"Ikilinkki: Tekij\u00e4noikeudet, aineiston k\u00e4ytt\u00f6 ja vastuuvapaus\" href=\"http:\/\/mummila.net\/marginaali\/tietoa-blogista\/#copyright\">Tekij\u00e4noikeudet, aineiston k\u00e4ytt\u00f6 ja vastuuvapaus<\/a><\/h3>\n<p id=\"post11372-6lvpknfc2cybqhhxaa171nv17\">Jol\u00adlei toi\u00adsin mai\u00adni\u00adta, kaik\u00adki Jani Uusi\u00adta\u00adlon tuot\u00adta\u00adma sis\u00e4l\u00adt\u00f6 t\u00e4s\u00ads\u00e4 blo\u00adgis\u00adsa, sii\u00adhen liit\u00adty\u00advil\u00adl\u00e4 sivuil\u00adla ja arkis\u00adtois\u00adsa, muo\u00addos\u00adta riip\u00adpu\u00admat\u00adta, on <strong>jul\u00adkis\u00adta omai\u00adsuut\u00adta jon\u00adka teki\u00adj\u00e4\u00adnoi\u00adkeuk\u00adsis\u00adta luo\u00advu\u00adtaan<\/strong>; kuka tahan\u00adsa saa vapaas\u00adti j\u00e4l\u00adjen\u00adt\u00e4\u00e4, levit\u00adt\u00e4\u00e4, siir\u00adt\u00e4\u00e4 pai\u00adkas\u00adta toi\u00adseen, k\u00e4yt\u00adt\u00e4\u00e4, muut\u00adtaa, k\u00e4yt\u00adt\u00e4\u00e4 uuden aineis\u00adton poh\u00adja\u00adna ja hy\u00f6\u00addyn\u00adt\u00e4\u00e4 t\u00e4t\u00e4 aineis\u00adtoa mis\u00ads\u00e4 tahan\u00adsa tar\u00adkoi\u00adtuk\u00adses\u00adsa, kau\u00adpal\u00adli\u00adses\u00adti tai ei-kau\u00adpal\u00adli\u00adses\u00adti, mil\u00adl\u00e4 tahan\u00adsa kei\u00adnoil\u00adla mukaan\u00adluet\u00adtu\u00adna sel\u00adlai\u00adset kei\u00adnot, joi\u00adta ei ole vie\u00adl\u00e4 kek\u00adsit\u00adty tai jois\u00adta ei vie\u00adl\u00e4 tie\u00adde\u00adt\u00e4.&nbsp;<a rel=\"bookmark\" class=\"paragraph-permalink\" href=\"https:\/\/mummila.net\/marginaali\/tietoa-blogista\/#post11372-6lvpknfc2cybqhhxaa171nv17\">#<\/a><\/p>\n<p id=\"post11372-cixmlp5tthnj4vou5yoack23n\"><strong>FIXME:<\/strong> (Vas\u00adtuu\u00adva\u00adpaus\u00adlause t\u00e4h\u00e4n.)&nbsp;<a rel=\"bookmark\" class=\"paragraph-permalink\" href=\"https:\/\/mummila.net\/marginaali\/tietoa-blogista\/#post11372-cixmlp5tthnj4vou5yoack23n\">#<\/a><\/p>\n<h3 id=\"tilaa\"><a title=\"Ikilinkki: P\u00e4ivityksien seuraaminen\" href=\"http:\/\/mummila.net\/marginaali\/tietoa-blogista\/#tilaa\">P\u00e4ivityksien seuraaminen<\/a><\/h3>\n<p id=\"post11372-hjdtbaj01i7xivxjrmtnsc4r0\"><em>Mar\u00adgi\u00adnaa\u00adlin<\/em> p\u00e4i\u00advi\u00adtyk\u00adsis\u00adt\u00e4 peril\u00adl\u00e4 pysy\u00admi\u00adnen on mah\u00addol\u00adlis\u00adta useil\u00adla eri tavoil\u00adla, jois\u00adta tyy\u00adpil\u00adli\u00adsim\u00adm\u00e4t on lue\u00adtel\u00adtu alla:&nbsp;<a rel=\"bookmark\" class=\"paragraph-permalink\" href=\"https:\/\/mummila.net\/marginaali\/tietoa-blogista\/#post11372-hjdtbaj01i7xivxjrmtnsc4r0\">#<\/a><\/p>\n<ul>\n<li>Voit <a href=\"http:\/\/www.blogilista.fi\/blogi\/tilaa\/1228\">tila\u00adta <em>mar\u00adgi\u00adnaa\u00adlin<\/em> p\u00e4i\u00advi\u00adtyk\u00adset Blogilista.fi-suosikkeihisi<\/a>.<\/li>\n<li>Voit <a href=\"http:\/\/www.bloglovin.com\/inc\/addsubscript.php?id=1461975\">seu\u00adra\u00adta <em>mar\u00adgi\u00adnaa\u00adlin<\/em> p\u00e4i\u00advi\u00adtyk\u00adsi\u00e4 <span lang=\"en\">Blo\u00adglo\u00advin\u2019is\u00adsa<\/span><\/a>.<\/li>\n<li>Voit <a href=\"http:\/\/fusion.google.com\/add?feedurl=http:\/\/mummila.net\/marginaali\/feed\/rss2\/\">tila\u00adta <em>mar\u00adgi\u00adnaa\u00adlin<\/em> mer\u00adkin\u00adn\u00e4t<\/a> tai <a href=\"http:\/\/fusion.google.com\/add?feedurl=http:\/\/mummila.net\/marginaali\/comments\/rss2\">kom\u00admen\u00adtit omal\u00adle <span lang=\"en\">Google<\/span>-sivul\u00adle\u00adsi tai <span lang=\"en\">Google Rea\u00adder<\/span>iin<\/a>.<\/li>\n<li>Voit <a href=\"http:\/\/www.netvibes.com\/subscribe.php?url=http%3A%2F%2Fmummila.net%2Fmarginaali%2Ffeed%2Frss2\">tila\u00adta <em>mar\u00adgi\u00adnaa\u00adlin<\/em> mer\u00adkin\u00adn\u00e4t<\/a> tai <a href=\"http:\/\/www.netvibes.com\/subscribe.php?url=http%3A%2F%2Fmummila.net%2Fmarginaali%2Fcomments%2Frss2\">kom\u00admen\u00adtit <span lang=\"en\">Net\u00advi\u00adbes<\/span>iin<\/a>.<\/li>\n<li>Voit seu\u00adra\u00adta <a href=\"http:\/\/twitter.com\/marginaali\"><em>mar\u00adgi\u00adnaa\u00adlin<\/em> p\u00e4i\u00advi\u00adtyk\u00adsi\u00e4 Twit\u00adte\u00adris\u00ads\u00e4<\/a>.<\/li>\n<li>Voit seu\u00adra\u00adta <a href=\"http:\/\/identi.ca\/marginaali\"><em>mar\u00adgi\u00adnaa\u00adlin<\/em> p\u00e4i\u00advi\u00adtyk\u00adsi\u00e4 identi.cassa<\/a>.<\/li>\n<\/ul>\n<p id=\"post11372-o5xs9a2rp9en3td2udswyxst3\">Seu\u00adraa\u00advas\u00adsa on lue\u00adtel\u00adtu tar\u00adjol\u00adla ole\u00advien <a href=\"https:\/\/secure.wikimedia.org\/wikipedia\/fi\/wiki\/Web-sy%C3%B6te\">web-sy\u00f6t\u00adtei\u00adden<\/a> suo\u00adrat osoit\u00adteet mui\u00adta sovel\u00adluk\u00adsia var\u00adten:&nbsp;<a rel=\"bookmark\" class=\"paragraph-permalink\" href=\"https:\/\/mummila.net\/marginaali\/tietoa-blogista\/#post11372-o5xs9a2rp9en3td2udswyxst3\">#<\/a><\/p>\n<ul>\n<li><a href=\"http:\/\/mummila.net\/marginaali\/feed\/rss\">P\u00e4i\u00advi\u00adtyk\u00adsien RSS 0.92 -osoite<\/a><\/li>\n<li><a href=\"http:\/\/mummila.net\/marginaali\/feed\/rss2\">P\u00e4i\u00advi\u00adtyk\u00adsien RSS 2.0 -osoite<\/a><\/li>\n<li><a href=\"http:\/\/mummila.net\/marginaali\/feed\/atom\">P\u00e4i\u00advi\u00adtyk\u00adsien <span lang=\"en\">Atom<\/span> 1.0 -osoite<\/a><\/li>\n<li><a href=\"http:\/\/mummila.net\/marginaali\/comments\/rss2\">Kom\u00adment\u00adtien RSS 2.0 -osoite<\/a><\/li>\n<\/ul>\n<h3 id=\"lapsilukosta\"><a title=\"Mummilan wiki: Lapsilukko\" href=\"http:\/\/mummila.net\/wiki\/Lapsilukko\">Lapsilukosta<\/a><\/h3>\n<p id=\"post11372-7oc48c0dnit2kw6p5t22bk29v\">Olen sil\u00adloin t\u00e4l\u00adl\u00f6in k\u00e4yt\u00adt\u00e4\u00adnyt <em>mar\u00adgi\u00adnaa\u00adlis\u00adsa<\/em> lap\u00adsi\u00adluk\u00adkoa. T\u00e4l\u00adl\u00e4 het\u00adkel\u00adl\u00e4 se ei ole k\u00e4y\u00adt\u00f6s\u00ads\u00e4, mut\u00adta <a title=\"Mummilan wiki: Lapsilukko\" href=\"http:\/\/mummila.net\/wiki\/Lapsilukko\">sen kuvaus l\u00f6y\u00adtyy mum\u00admi\u00adlan wikis\u00adt\u00e4<\/a>.&nbsp;<a rel=\"bookmark\" class=\"paragraph-permalink\" href=\"https:\/\/mummila.net\/marginaali\/tietoa-blogista\/#post11372-7oc48c0dnit2kw6p5t22bk29v\">#<\/a><\/p>\n<p id=\"post11372-ni78114u534xfuqni91scfsqg\">[muok\u00adkauk\u00adset]<br>\n[muokkaus][klo]23. 1. 2009 17.51[\/klo] Yhdis\u00adte\u00adlin eril\u00adlis\u00adsi\u00advu\u00adjen aineis\u00adton t\u00e4h\u00e4n sivuun.[\/muokkaus]<br>\n[muokkaus][klo]24. 1. 2009 12.03[\/klo] Iki\u00adlin\u00adkit, Bloglovin\u2019.[\/muokkaus]<br>\n[muokkaus][klo]16. 8. 2010 17.59[\/klo] -identi.ca[\/muokkaus]<br>\n[muokkaus][klo]17. 8. 2010 10.07[\/klo] +identi.ca[\/muokkaus]<br>\n[muokkaus][klo]13. 9. 2010 8.30[\/klo] -Bloglines[\/muokkaus]<br>\n[muokkaus][klo]2012-02-13 16:57[\/klo] -Linkkim\u00e4t\u00e4\u00e4[\/muokkaus]<br>\n[\/muokkaukset]&nbsp;<a rel=\"bookmark\" class=\"paragraph-permalink\" href=\"https:\/\/mummila.net\/marginaali\/tietoa-blogista\/#post11372-ni78114u534xfuqni91scfsqg\">#<\/a><\/p>\n","protected":false},"excerpt":{"rendered":"<p>Mar\u00adgi\u00adnaa\u00adli on hen\u00adki\u00adl\u00f6\u00adkoh\u00adtai\u00adsel\u00adla otteel\u00adla tuot\u00adta\u00adma\u00adni verk\u00adko\u00adp\u00e4i\u00adv\u00e4\u00adkir\u00adja eli blo\u00adgi, johon kir\u00adjoi\u00adtan mel\u00adko vapaa\u00adva\u00adlin\u00adtai\u00adsis\u00adta aiheis\u00adta mel\u00adko vapaa\u00admie\u00adli\u00adsi\u00e4 mer\u00adkin\u00adt\u00f6\u00adj\u00e4 aina sit\u00e4 mukaa, kun nii\u00adt\u00e4 p\u00e4\u00e4\u00adh\u00e4\u00adni sat\u00adtuu p\u00e4t\u00adk\u00e4h\u00adt\u00e4\u00adm\u00e4\u00e4n. P\u00e4i\u00adv\u00e4\u00adkir\u00adjan ohel\u00adla mar\u00adgi\u00adnaa\u00adlia voi\u00adsi l\u00e4hin\u00adn\u00e4 ver\u00adra\u00adta lei\u00adke\u00adkir\u00adjoi\u00adhin, sil\u00adl\u00e4 ker\u00e4i\u00adlen t\u00e4n\u00adne my\u00f6s aika pal\u00adjon kai\u00adken\u00adlais\u00adta, eri puo\u00adlil\u00adta Inter\u00adne\u00adti\u00e4 ja muu\u00adal\u00adta\u00adkin l\u00f6y\u00adt\u00e4\u00adm\u00e4\u00e4\u00adni aineis\u00adtoa, joka minua kul\u00adloin\u00adkin sat\u00adtuu kiin\u00adnos\u00adta\u00admaan.&nbsp;# Kuka t\u00e4t\u00e4 kir\u00adjoit\u00adtaa? Nime\u00adni&nbsp;on&nbsp;[\u2026]<\/p>\n","protected":false},"author":2,"featured_media":0,"parent":0,"menu_order":0,"comment_status":"closed","ping_status":"closed","template":"","meta":{"wp_typography_post_enhancements_disabled":false,"footnotes":""},"class_list":["post-11372","page","type-page","status-publish","hentry"],"_links":{"self":[{"href":"https:\/\/mummila.net\/marginaali\/wp-json\/wp\/v2\/pages\/11372","targetHints":{"allow":["GET"]}}],"collection":[{"href":"https:\/\/mummila.net\/marginaali\/wp-json\/wp\/v2\/pages"}],"about":[{"href":"https:\/\/mummila.net\/marginaali\/wp-json\/wp\/v2\/types\/page"}],"author":[{"embeddable":true,"href":"https:\/\/mummila.net\/marginaali\/wp-json\/wp\/v2\/users\/2"}],"replies":[{"embeddable":true,"href":"https:\/\/mummila.net\/marginaali\/wp-json\/wp\/v2\/comments?post=11372"}],"version-history":[{"count":15,"href":"https:\/\/mummila.net\/marginaali\/wp-json\/wp\/v2\/pages\/11372\/revisions"}],"predecessor-version":[{"id":11734,"href":"https:\/\/mummila.net\/marginaali\/wp-json\/wp\/v2\/pages\/11372\/revisions\/11734"}],"wp:attachment":[{"href":"https:\/\/mummila.net\/marginaali\/wp-json\/wp\/v2\/media?parent=11372"}],"curies":[{"name":"wp","href":"https:\/\/api.w.org\/{rel}","templated":true}]}}